{"id":2858,"date":"2025-08-04T14:37:10","date_gmt":"2025-08-04T12:37:10","guid":{"rendered":"https:\/\/armanixmarble.com\/producto\/pink-valencia-15-25-mm\/"},"modified":"2026-01-13T13:50:44","modified_gmt":"2026-01-13T12:50:44","slug":"pink-valencia-15-25-mm","status":"publish","type":"product","link":"https:\/\/armanixmarble.com\/en\/producto\/pink-valencia-15-25-mm\/","title":{"rendered":"Pink Valencia 15-25 mm"},"content":{"rendered":"<article class=\"text-token-text-primary w-full focus:outline-none [--shadow-height:45px] has-data-writing-block:pointer-events-none has-data-writing-block:-mt-(--shadow-height) has-data-writing-block:pt-(--shadow-height) [&amp;:has([data-writing-block])&gt;*]:pointer-events-auto [content-visibility:auto] supports-[content-visibility:auto]:[contain-intrinsic-size:auto_100lvh] scroll-mt-[calc(var(--header-height)+min(200px,max(70px,20svh)))]\" dir=\"auto\" tabindex=\"-1\" data-turn-id=\"request-6915c6db-fe2c-832f-b43e-399c8ba51fc5-22\" data-testid=\"conversation-turn-530\" data-scroll-anchor=\"true\" data-turn=\"assistant\">\n<div class=\"text-base my-auto mx-auto pb-10 [--thread-content-margin:--spacing(4)] thread-sm:[--thread-content-margin:--spacing(6)] thread-lg:[--thread-content-margin:--spacing(16)] px-(--thread-content-margin)\">\n<div class=\"[--thread-content-max-width:40rem] thread-lg:[--thread-content-max-width:48rem] mx-auto max-w-(--thread-content-max-width) flex-1 group\/turn-messages focus-visible:outline-hidden relative flex w-full min-w-0 flex-col agent-turn\" tabindex=\"-1\">\n<div class=\"flex max-w-full flex-col grow\">\n<div class=\"min-h-8 text-message relative flex w-full flex-col items-end gap-2 text-start break-words whitespace-normal [.text-message+&amp;]:mt-1\" dir=\"auto\" data-message-author-role=\"assistant\" data-message-id=\"2b0511e0-aaf4-45a1-b9b6-7931b3ae7f37\" data-message-model-slug=\"gpt-5-1\">\n<div class=\"flex w-full flex-col gap-1 empty:hidden first:pt-[1px]\">\n<div class=\"markdown prose dark:prose-invert w-full break-words dark markdown-new-styling\">\n<p data-start=\"0\" data-end=\"232\" data-is-last-node=\"\" data-is-only-node=\"\">Sized 15 to 25 mm, our Rosa Valencia Limestone Aggregates are perfect for adding character and charm to outdoor spaces. Their larger size makes them ideal for decorative features such as flowerbeds and areas around ponds. Carefully graded, washed, and supplied in 20 kg bags or 1,300 kg bulk bags, they guarantee long-lasting performance and easy maintenance.<\/p>\n<\/div>\n<\/div>\n<\/div>\n<\/div>\n<div class=\"z-0 flex min-h-[46px] justify-start\"><\/div>\n<div class=\"mt-3 w-full empty:hidden\">\n<div class=\"text-center\"><\/div>\n<\/div>\n<\/div>\n<\/div>\n<\/article>\n<div class=\"pointer-events-none h-px w-px\" aria-hidden=\"true\" data-edge=\"true\"><\/div>\n","protected":false},"excerpt":{"rendered":"<article class=\"text-token-text-primary w-full focus:outline-none [--shadow-height:45px] has-data-writing-block:pointer-events-none has-data-writing-block:-mt-(--shadow-height) has-data-writing-block:pt-(--shadow-height) [&amp;:has([data-writing-block])&gt;*]:pointer-events-auto [content-visibility:auto] supports-[content-visibility:auto]:[contain-intrinsic-size:auto_100lvh] scroll-mt-[calc(var(--header-height)+min(200px,max(70px,20svh)))]\" dir=\"auto\" tabindex=\"-1\" data-turn-id=\"request-6915c6db-fe2c-832f-b43e-399c8ba51fc5-23\" data-testid=\"conversation-turn-532\" data-scroll-anchor=\"true\" data-turn=\"assistant\">\n<div class=\"text-base my-auto mx-auto pb-10 [--thread-content-margin:--spacing(4)] thread-sm:[--thread-content-margin:--spacing(6)] thread-lg:[--thread-content-margin:--spacing(16)] px-(--thread-content-margin)\">\n<div class=\"[--thread-content-max-width:40rem] thread-lg:[--thread-content-max-width:48rem] mx-auto max-w-(--thread-content-max-width) flex-1 group\/turn-messages focus-visible:outline-hidden relative flex w-full min-w-0 flex-col agent-turn\" tabindex=\"-1\">\n<div class=\"flex max-w-full flex-col grow\">\n<div class=\"min-h-8 text-message relative flex w-full flex-col items-end gap-2 text-start break-words whitespace-normal [.text-message+&amp;]:mt-1\" dir=\"auto\" data-message-author-role=\"assistant\" data-message-id=\"40042cf5-96bf-478c-9fde-bf0a3047cc7f\" data-message-model-slug=\"gpt-5-1\">\n<div class=\"flex w-full flex-col gap-1 empty:hidden first:pt-[1px]\">\n<div class=\"markdown prose dark:prose-invert w-full break-words dark markdown-new-styling\">\n<p data-start=\"0\" data-end=\"120\" data-is-last-node=\"\" data-is-only-node=\"\">Rosa Valencia limestone aggregates (15\u201325 mm), ideal for decorative elements and pond surrounds, delivering natural character and charm.<\/p>\n<\/div>\n<\/div>\n<\/div>\n<\/div>\n<\/div>\n<\/div>\n<\/article>\n","protected":false},"featured_media":2854,"template":"","meta":{"_acf_changed":false},"product_brand":[],"product_cat":[62],"product_tag":[],"class_list":{"0":"post-2858","1":"product","2":"type-product","3":"status-publish","4":"has-post-thumbnail","6":"product_cat-gardening-landscaping","8":"first","9":"instock","10":"shipping-taxable","11":"product-type-simple"},"acf":[],"yoast_head":"<!-- This site is optimized with the Yoast SEO plugin v27.0 - https:\/\/yoast.com\/product\/yoast-seo-wordpress\/ -->\n<title>Pink Valencia 15-25 mm - Armanix Marble Chips<\/title>\n<meta name=\"robots\" content=\"index, follow, max-snippet:-1, max-image-preview:large, max-video-preview:-1\" \/>\n<link rel=\"canonical\" href=\"https:\/\/armanixmarble.com\/en\/producto\/pink-valencia-15-25-mm\/\" \/>\n<meta property=\"og:locale\" content=\"en_US\" \/>\n<meta property=\"og:type\" content=\"article\" \/>\n<meta property=\"og:title\" content=\"Pink Valencia 15-25 mm - Armanix Marble Chips\" \/>\n<meta property=\"og:description\" content=\"Rosa Valencia limestone aggregates (15\u201325 mm), ideal for decorative elements and pond surrounds, delivering natural character and charm.\" \/>\n<meta property=\"og:url\" content=\"https:\/\/armanixmarble.com\/en\/producto\/pink-valencia-15-25-mm\/\" \/>\n<meta property=\"og:site_name\" content=\"Armanix Marble Chips\" \/>\n<meta property=\"article:modified_time\" content=\"2026-01-13T12:50:44+00:00\" \/>\n<meta property=\"og:image\" content=\"https:\/\/armanixmarble.com\/wp-content\/uploads\/2025\/08\/PINK-VALENCIA-ARMPINK1525-15-25mm.jpg\" \/>\n\t<meta property=\"og:image:width\" content=\"1800\" \/>\n\t<meta property=\"og:image:height\" content=\"1200\" \/>\n\t<meta property=\"og:image:type\" content=\"image\/jpeg\" \/>\n<meta name=\"twitter:card\" content=\"summary_large_image\" \/>\n<meta name=\"twitter:label1\" content=\"Est. reading time\" \/>\n\t<meta name=\"twitter:data1\" content=\"1 minute\" \/>\n<script type=\"application\/ld+json\" class=\"yoast-schema-graph\">{\"@context\":\"https:\/\/schema.org\",\"@graph\":[{\"@type\":\"WebPage\",\"@id\":\"https:\/\/armanixmarble.com\/en\/producto\/pink-valencia-15-25-mm\/\",\"url\":\"https:\/\/armanixmarble.com\/en\/producto\/pink-valencia-15-25-mm\/\",\"name\":\"Pink Valencia 15-25 mm - Armanix Marble Chips\",\"isPartOf\":{\"@id\":\"https:\/\/armanixmarble.com\/en\/#website\"},\"primaryImageOfPage\":{\"@id\":\"https:\/\/armanixmarble.com\/en\/producto\/pink-valencia-15-25-mm\/#primaryimage\"},\"image\":{\"@id\":\"https:\/\/armanixmarble.com\/en\/producto\/pink-valencia-15-25-mm\/#primaryimage\"},\"thumbnailUrl\":\"https:\/\/armanixmarble.com\/wp-content\/uploads\/2025\/08\/PINK-VALENCIA-ARMPINK1525-15-25mm.jpg\",\"datePublished\":\"2025-08-04T12:37:10+00:00\",\"dateModified\":\"2026-01-13T12:50:44+00:00\",\"breadcrumb\":{\"@id\":\"https:\/\/armanixmarble.com\/en\/producto\/pink-valencia-15-25-mm\/#breadcrumb\"},\"inLanguage\":\"en-US\",\"potentialAction\":[{\"@type\":\"ReadAction\",\"target\":[\"https:\/\/armanixmarble.com\/en\/producto\/pink-valencia-15-25-mm\/\"]}]},{\"@type\":\"ImageObject\",\"inLanguage\":\"en-US\",\"@id\":\"https:\/\/armanixmarble.com\/en\/producto\/pink-valencia-15-25-mm\/#primaryimage\",\"url\":\"https:\/\/armanixmarble.com\/wp-content\/uploads\/2025\/08\/PINK-VALENCIA-ARMPINK1525-15-25mm.jpg\",\"contentUrl\":\"https:\/\/armanixmarble.com\/wp-content\/uploads\/2025\/08\/PINK-VALENCIA-ARMPINK1525-15-25mm.jpg\",\"width\":1800,\"height\":1200},{\"@type\":\"BreadcrumbList\",\"@id\":\"https:\/\/armanixmarble.com\/en\/producto\/pink-valencia-15-25-mm\/#breadcrumb\",\"itemListElement\":[{\"@type\":\"ListItem\",\"position\":1,\"name\":\"Portada\",\"item\":\"https:\/\/armanixmarble.com\/en\/\"},{\"@type\":\"ListItem\",\"position\":2,\"name\":\"Marble Chips | Armanix\",\"item\":\"https:\/\/armanixmarble.com\/en\/marble-chips\/\"},{\"@type\":\"ListItem\",\"position\":3,\"name\":\"Pink Valencia 15-25 mm\"}]},{\"@type\":\"WebSite\",\"@id\":\"https:\/\/armanixmarble.com\/en\/#website\",\"url\":\"https:\/\/armanixmarble.com\/en\/\",\"name\":\"Armanix Marble Chips\",\"description\":\"Elaboraci\u00f3n y comercializaci\u00f3n de chips de m\u00e1rmol\",\"publisher\":{\"@id\":\"https:\/\/armanixmarble.com\/en\/#organization\"},\"alternateName\":\"Armanix Marble Chips - Chips de M\u00e1rmol y \u00c1ridos Triturados\",\"potentialAction\":[{\"@type\":\"SearchAction\",\"target\":{\"@type\":\"EntryPoint\",\"urlTemplate\":\"https:\/\/armanixmarble.com\/en\/?s={search_term_string}\"},\"query-input\":{\"@type\":\"PropertyValueSpecification\",\"valueRequired\":true,\"valueName\":\"search_term_string\"}}],\"inLanguage\":\"en-US\"},{\"@type\":\"Organization\",\"@id\":\"https:\/\/armanixmarble.com\/en\/#organization\",\"name\":\"Armanix Marble Chips\",\"url\":\"https:\/\/armanixmarble.com\/en\/\",\"logo\":{\"@type\":\"ImageObject\",\"inLanguage\":\"en-US\",\"@id\":\"https:\/\/armanixmarble.com\/en\/#\/schema\/logo\/image\/\",\"url\":\"https:\/\/armanixmarble.com\/wp-content\/uploads\/2023\/12\/Armanix-aridos-marble-chips.png\",\"contentUrl\":\"https:\/\/armanixmarble.com\/wp-content\/uploads\/2023\/12\/Armanix-aridos-marble-chips.png\",\"width\":2000,\"height\":544,\"caption\":\"Armanix Marble Chips\"},\"image\":{\"@id\":\"https:\/\/armanixmarble.com\/en\/#\/schema\/logo\/image\/\"},\"sameAs\":[\"https:\/\/www.instagram.com\/armanixmarblechips\/\",\"https:\/\/www.linkedin.com\/uas\/login?session_redirect=httpswww.linkedin.comcompanyarmanix-marble20chips-slpostsfeedViewall\",\"https:\/\/www.youtube.com\/@ArmanixMarbleChips\"]}]}<\/script>\n<!-- \/ Yoast SEO plugin. -->","yoast_head_json":{"title":"Pink Valencia 15-25 mm - Armanix Marble Chips","robots":{"index":"index","follow":"follow","max-snippet":"max-snippet:-1","max-image-preview":"max-image-preview:large","max-video-preview":"max-video-preview:-1"},"canonical":"https:\/\/armanixmarble.com\/en\/producto\/pink-valencia-15-25-mm\/","og_locale":"en_US","og_type":"article","og_title":"Pink Valencia 15-25 mm - Armanix Marble Chips","og_description":"Rosa Valencia limestone aggregates (15\u201325 mm), ideal for decorative elements and pond surrounds, delivering natural character and charm.","og_url":"https:\/\/armanixmarble.com\/en\/producto\/pink-valencia-15-25-mm\/","og_site_name":"Armanix Marble Chips","article_modified_time":"2026-01-13T12:50:44+00:00","og_image":[{"width":1800,"height":1200,"url":"https:\/\/armanixmarble.com\/wp-content\/uploads\/2025\/08\/PINK-VALENCIA-ARMPINK1525-15-25mm.jpg","type":"image\/jpeg"}],"twitter_card":"summary_large_image","twitter_misc":{"Est. reading time":"1 minute"},"schema":{"@context":"https:\/\/schema.org","@graph":[{"@type":"WebPage","@id":"https:\/\/armanixmarble.com\/en\/producto\/pink-valencia-15-25-mm\/","url":"https:\/\/armanixmarble.com\/en\/producto\/pink-valencia-15-25-mm\/","name":"Pink Valencia 15-25 mm - Armanix Marble Chips","isPartOf":{"@id":"https:\/\/armanixmarble.com\/en\/#website"},"primaryImageOfPage":{"@id":"https:\/\/armanixmarble.com\/en\/producto\/pink-valencia-15-25-mm\/#primaryimage"},"image":{"@id":"https:\/\/armanixmarble.com\/en\/producto\/pink-valencia-15-25-mm\/#primaryimage"},"thumbnailUrl":"https:\/\/armanixmarble.com\/wp-content\/uploads\/2025\/08\/PINK-VALENCIA-ARMPINK1525-15-25mm.jpg","datePublished":"2025-08-04T12:37:10+00:00","dateModified":"2026-01-13T12:50:44+00:00","breadcrumb":{"@id":"https:\/\/armanixmarble.com\/en\/producto\/pink-valencia-15-25-mm\/#breadcrumb"},"inLanguage":"en-US","potentialAction":[{"@type":"ReadAction","target":["https:\/\/armanixmarble.com\/en\/producto\/pink-valencia-15-25-mm\/"]}]},{"@type":"ImageObject","inLanguage":"en-US","@id":"https:\/\/armanixmarble.com\/en\/producto\/pink-valencia-15-25-mm\/#primaryimage","url":"https:\/\/armanixmarble.com\/wp-content\/uploads\/2025\/08\/PINK-VALENCIA-ARMPINK1525-15-25mm.jpg","contentUrl":"https:\/\/armanixmarble.com\/wp-content\/uploads\/2025\/08\/PINK-VALENCIA-ARMPINK1525-15-25mm.jpg","width":1800,"height":1200},{"@type":"BreadcrumbList","@id":"https:\/\/armanixmarble.com\/en\/producto\/pink-valencia-15-25-mm\/#breadcrumb","itemListElement":[{"@type":"ListItem","position":1,"name":"Portada","item":"https:\/\/armanixmarble.com\/en\/"},{"@type":"ListItem","position":2,"name":"Marble Chips | Armanix","item":"https:\/\/armanixmarble.com\/en\/marble-chips\/"},{"@type":"ListItem","position":3,"name":"Pink Valencia 15-25 mm"}]},{"@type":"WebSite","@id":"https:\/\/armanixmarble.com\/en\/#website","url":"https:\/\/armanixmarble.com\/en\/","name":"Armanix Marble Chips","description":"Elaboraci\u00f3n y comercializaci\u00f3n de chips de m\u00e1rmol","publisher":{"@id":"https:\/\/armanixmarble.com\/en\/#organization"},"alternateName":"Armanix Marble Chips - Chips de M\u00e1rmol y \u00c1ridos Triturados","potentialAction":[{"@type":"SearchAction","target":{"@type":"EntryPoint","urlTemplate":"https:\/\/armanixmarble.com\/en\/?s={search_term_string}"},"query-input":{"@type":"PropertyValueSpecification","valueRequired":true,"valueName":"search_term_string"}}],"inLanguage":"en-US"},{"@type":"Organization","@id":"https:\/\/armanixmarble.com\/en\/#organization","name":"Armanix Marble Chips","url":"https:\/\/armanixmarble.com\/en\/","logo":{"@type":"ImageObject","inLanguage":"en-US","@id":"https:\/\/armanixmarble.com\/en\/#\/schema\/logo\/image\/","url":"https:\/\/armanixmarble.com\/wp-content\/uploads\/2023\/12\/Armanix-aridos-marble-chips.png","contentUrl":"https:\/\/armanixmarble.com\/wp-content\/uploads\/2023\/12\/Armanix-aridos-marble-chips.png","width":2000,"height":544,"caption":"Armanix Marble Chips"},"image":{"@id":"https:\/\/armanixmarble.com\/en\/#\/schema\/logo\/image\/"},"sameAs":["https:\/\/www.instagram.com\/armanixmarblechips\/","https:\/\/www.linkedin.com\/uas\/login?session_redirect=httpswww.linkedin.comcompanyarmanix-marble20chips-slpostsfeedViewall","https:\/\/www.youtube.com\/@ArmanixMarbleChips"]}]}},"_links":{"self":[{"href":"https:\/\/armanixmarble.com\/en\/wp-json\/wp\/v2\/product\/2858","targetHints":{"allow":["GET"]}}],"collection":[{"href":"https:\/\/armanixmarble.com\/en\/wp-json\/wp\/v2\/product"}],"about":[{"href":"https:\/\/armanixmarble.com\/en\/wp-json\/wp\/v2\/types\/product"}],"version-history":[{"count":2,"href":"https:\/\/armanixmarble.com\/en\/wp-json\/wp\/v2\/product\/2858\/revisions"}],"predecessor-version":[{"id":5015,"href":"https:\/\/armanixmarble.com\/en\/wp-json\/wp\/v2\/product\/2858\/revisions\/5015"}],"wp:featuredmedia":[{"embeddable":true,"href":"https:\/\/armanixmarble.com\/en\/wp-json\/wp\/v2\/media\/2854"}],"wp:attachment":[{"href":"https:\/\/armanixmarble.com\/en\/wp-json\/wp\/v2\/media?parent=2858"}],"wp:term":[{"taxonomy":"product_brand","embeddable":true,"href":"https:\/\/armanixmarble.com\/en\/wp-json\/wp\/v2\/product_brand?post=2858"},{"taxonomy":"product_cat","embeddable":true,"href":"https:\/\/armanixmarble.com\/en\/wp-json\/wp\/v2\/product_cat?post=2858"},{"taxonomy":"product_tag","embeddable":true,"href":"https:\/\/armanixmarble.com\/en\/wp-json\/wp\/v2\/product_tag?post=2858"}],"curies":[{"name":"wp","href":"https:\/\/api.w.org\/{rel}","templated":true}]}}