{"id":3128,"date":"2025-08-04T14:37:07","date_gmt":"2025-08-04T12:37:07","guid":{"rendered":"https:\/\/armanixmarble.com\/producto\/mediterranean-special-resin-05-16-mm\/"},"modified":"2026-01-13T15:54:06","modified_gmt":"2026-01-13T14:54:06","slug":"mediterranean-special-resin-05-16-mm","status":"publish","type":"product","link":"https:\/\/armanixmarble.com\/ar\/producto\/mediterranean-special-resin-05-16-mm\/","title":{"rendered":"Mediterranean Special Resin 0,5-1,6 mm"},"content":{"rendered":"<div class=\"ewa-rteLine\">\n<p>\u0643\u0633\u0631 \u0631\u0627\u062a\u0646\u062c \u0627\u0644\u0628\u062d\u0631 \u0627\u0644\u0623\u0628\u064a\u0636 \u0627\u0644\u0645\u062a\u0648\u0633\u0637 \u200b\u200b\u0627\u0644\u062e\u0627\u0635\u0629 \u0628\u0646\u0627\u060c \u0628\u0623\u062d\u062c\u0627\u0645 \u062a\u062a\u0631\u0627\u0648\u062d \u0628\u064a\u0646 0,5 \u06481,6 \u0645\u0645\u060c \u0647\u064a \u0645\u0643\u0648\u0646\u0627\u062a \u0628\u0644\u0648\u0646 \u0639\u0627\u062c \u0641\u0627\u062a\u062d\u060c \u0645\u0635\u0645\u0645\u0629 \u062e\u0635\u064a\u0635\u0627\u064b \u0644\u0644\u0627\u0633\u062a\u062e\u062f\u0627\u0645 \u0645\u0639 \u0631\u0627\u062a\u0646\u062c \u0627\u0644\u0628\u0648\u0644\u064a \u064a\u0648\u0631\u064a\u062b\u0627\u0646 \u0627\u0644\u0623\u0644\u064a\u0641\u0627\u062a\u064a \u0641\u064a \u0623\u0646\u0638\u0645\u0629 \u0627\u0644\u0633\u062c\u0627\u062f \u0627\u0644\u062d\u062c\u0631\u064a \u0627\u0644\u062f\u0642\u064a\u0642\u0629 \u0648\u0627\u0644\u0643\u0633\u0648\u0629 \u0627\u0644\u0633\u0644\u0633\u0629 \u0639\u0627\u0644\u064a\u0629 \u0627\u0644\u062f\u0642\u0629. \u064a\u0633\u0645\u062d \u062d\u062c\u0645\u0647\u0627 \u0627\u0644\u062d\u0628\u064a\u0628\u064a \u0641\u0627\u0626\u0642 \u0627\u0644\u062f\u0642\u0629 \u0628\u0627\u0644\u062d\u0635\u0648\u0644 \u0639\u0644\u0649 \u0623\u0633\u0637\u062d \u0646\u0627\u0639\u0645\u0629 \u0648\u0645\u062a\u0645\u0627\u0633\u0643\u0629 \u0648\u0645\u062a\u062c\u0627\u0646\u0633\u0629 \u0628\u0635\u0631\u064a\u0627\u064b\u060c \u0645\u0645\u0627 \u064a\u062c\u0639\u0644\u0647\u0627 \u0645\u062b\u0627\u0644\u064a\u0629 \u0644\u0644\u0623\u0631\u0636\u064a\u0627\u062a \u0627\u0644\u062f\u0627\u062e\u0644\u064a\u0629\u060c \u0648\u0627\u0644\u0623\u0645\u0627\u0643\u0646 \u0627\u0644\u062a\u0642\u0646\u064a\u0629\u060c \u0648\u0627\u0644\u062a\u0641\u0627\u0635\u064a\u0644 \u0627\u0644\u0632\u062e\u0631\u0641\u064a\u0629.<br \/>\n\u062a\u062e\u0636\u0639 \u0647\u0630\u0647 \u0627\u0644\u0645\u0643\u0648\u0646\u0627\u062a \u0644\u0639\u0645\u0644\u064a\u0629 \u063a\u0633\u0644 \u062f\u0642\u064a\u0642\u0629\u060c \u0648\u062a\u0635\u0646\u064a\u0641 \u062f\u0642\u064a\u0642\u060c \u0648\u062a\u062c\u0641\u064a\u0641 \u0641\u064a \u0627\u0644\u0641\u0631\u0646 \u0644\u062a\u0642\u0644\u064a\u0644 \u0627\u0644\u0631\u0637\u0648\u0628\u0629 \u0625\u0644\u0649 \u0623\u0642\u0644 \u0645\u0646 3%\u060c \u0645\u0639 \u0645\u0633\u062a\u0648\u064a\u0627\u062a \u062a\u0644\u0648\u062b \u0623\u0642\u0644 \u0645\u0646 10%. \u062a\u064f\u0633\u0644\u0651\u0645 \u0641\u064a \u0623\u0643\u064a\u0627\u0633 \u0645\u062d\u0643\u0645\u0629 \u0627\u0644\u0627\u063a\u0644\u0627\u0642 \u062d\u0631\u0627\u0631\u064a\u0627\u064b \u0644\u0636\u0645\u0627\u0646 \u0627\u0644\u062b\u0628\u0627\u062a \u0648\u0627\u0644\u062c\u0648\u062f\u0629 \u0641\u064a \u0643\u0644 \u0627\u0633\u062a\u062e\u062f\u0627\u0645.<br \/>\n\u0628\u0641\u0636\u0644 \u0645\u0644\u0645\u0633\u0647\u0627 \u0627\u0644\u0631\u0642\u064a\u0642\u060c \u0648\u0645\u0642\u0627\u0648\u0645\u062a\u0647\u0627 \u0627\u0644\u0645\u0645\u062a\u0627\u0632\u0629\u060c \u0648\u062c\u0645\u0627\u0644\u0647\u0627 \u0627\u0644\u0645\u062a\u0623\u0644\u0642\u060c \u062a\u064f\u0639\u062f \u0647\u0630\u0647 \u0627\u0644\u0645\u0643\u0648\u0646\u0627\u062a \u0627\u0644\u062d\u0644 \u0627\u0644\u0623\u0645\u062b\u0644 \u0644\u0645\u0646 \u064a\u0628\u062d\u062b\u0648\u0646 \u0639\u0646 \u062a\u0634\u0637\u064a\u0628\u0627\u062a \u0623\u0646\u064a\u0642\u0629 \u0648\u0628\u0633\u064a\u0637\u0629 \u0648\u0633\u0647\u0644\u0629 \u0627\u0644\u0635\u064a\u0627\u0646\u0629.<\/p>\n<p>\u0627\u0644\u0623\u062d\u062c\u0627\u0645 \u0627\u0644\u0645\u062a\u0648\u0641\u0631\u0629:<br \/>\n\u2022 0.5-1.6 \u0645\u0645<\/p>\n<\/div>\n","protected":false},"excerpt":{"rendered":"<p>\u0631\u0642\u0627\u0626\u0642 Mediterranean Special Resin \u200f(0.5\u20131.6 \u0645\u0645)\u060c \u0645\u0635\u0645\u0645\u0629 \u0644\u0623\u0646\u0638\u0645\u0629 \u0633\u062a\u0648\u0646 \u0643\u0627\u0631\u0628\u062a \u0627\u0644\u062f\u0642\u064a\u0642\u0629\u060c \u0648\u062a\u0648\u0641\u0651\u0631 \u062a\u0634\u0637\u064a\u0628\u0627\u064b \u0646\u0627\u0639\u0645\u0627\u064b \u0648\u0645\u062a\u062c\u0627\u0646\u0633\u0627\u064b \u0648\u0645\u0634\u0631\u0642\u0627\u064b \u0645\u0646\u0627\u0633\u0628\u0627\u064b \u0644\u0644\u0645\u0633\u0627\u062d\u0627\u062a \u0627\u0644\u062f\u0627\u062e\u0644\u064a\u0629 \u0648\u0627\u0644\u0623\u0633\u0637\u062d \u0639\u0627\u0644\u064a\u0629 \u0627\u0644\u062f\u0642\u0629.<\/p>\n","protected":false},"featured_media":3129,"template":"","meta":{"_acf_changed":false},"product_brand":[],"product_cat":[60],"product_tag":[],"class_list":{"0":"post-3128","1":"product","2":"type-product","3":"status-publish","4":"has-post-thumbnail","6":"product_cat-60","8":"first","9":"instock","10":"shipping-taxable","11":"product-type-simple"},"acf":[],"yoast_head":"<!-- This site is optimized with the Yoast SEO plugin v27.0 - https:\/\/yoast.com\/product\/yoast-seo-wordpress\/ -->\n<title>Mediterranean Special Resin 0,5-1,6 mm - Armanix Marble Chips<\/title>\n<meta name=\"robots\" content=\"index, follow, max-snippet:-1, max-image-preview:large, max-video-preview:-1\" \/>\n<link rel=\"canonical\" href=\"https:\/\/armanixmarble.com\/ar\/producto\/mediterranean-special-resin-05-16-mm\/\" \/>\n<meta property=\"og:locale\" content=\"ar_AR\" \/>\n<meta property=\"og:type\" content=\"article\" \/>\n<meta property=\"og:title\" content=\"Mediterranean Special Resin 0,5-1,6 mm - Armanix Marble Chips\" \/>\n<meta property=\"og:description\" content=\"\u0631\u0642\u0627\u0626\u0642 Mediterranean Special Resin \u200f(0.5\u20131.6 \u0645\u0645)\u060c \u0645\u0635\u0645\u0645\u0629 \u0644\u0623\u0646\u0638\u0645\u0629 \u0633\u062a\u0648\u0646 \u0643\u0627\u0631\u0628\u062a \u0627\u0644\u062f\u0642\u064a\u0642\u0629\u060c \u0648\u062a\u0648\u0641\u0651\u0631 \u062a\u0634\u0637\u064a\u0628\u0627\u064b \u0646\u0627\u0639\u0645\u0627\u064b \u0648\u0645\u062a\u062c\u0627\u0646\u0633\u0627\u064b \u0648\u0645\u0634\u0631\u0642\u0627\u064b \u0645\u0646\u0627\u0633\u0628\u0627\u064b \u0644\u0644\u0645\u0633\u0627\u062d\u0627\u062a \u0627\u0644\u062f\u0627\u062e\u0644\u064a\u0629 \u0648\u0627\u0644\u0623\u0633\u0637\u062d \u0639\u0627\u0644\u064a\u0629 \u0627\u0644\u062f\u0642\u0629.\" \/>\n<meta property=\"og:url\" content=\"https:\/\/armanixmarble.com\/ar\/producto\/mediterranean-special-resin-05-16-mm\/\" \/>\n<meta property=\"og:site_name\" content=\"Armanix Marble Chips\" \/>\n<meta property=\"article:modified_time\" content=\"2026-01-13T14:54:06+00:00\" \/>\n<meta property=\"og:image\" content=\"https:\/\/armanixmarble.com\/wp-content\/uploads\/2025\/08\/MEDITERRANEAN-ARMMED0516-05-16mm.jpg\" \/>\n\t<meta property=\"og:image:width\" content=\"1800\" \/>\n\t<meta property=\"og:image:height\" content=\"1200\" \/>\n\t<meta property=\"og:image:type\" content=\"image\/jpeg\" \/>\n<meta name=\"twitter:card\" content=\"summary_large_image\" \/>\n<meta name=\"twitter:label1\" content=\"\u0648\u0642\u062a \u0627\u0644\u0642\u0631\u0627\u0621\u0629 \u0627\u0644\u0645\u064f\u0642\u062f\u0651\u0631\" \/>\n\t<meta name=\"twitter:data1\" content=\"1 \u062f\u0642\u064a\u0642\u0629\" \/>\n<script type=\"application\/ld+json\" class=\"yoast-schema-graph\">{\"@context\":\"https:\/\/schema.org\",\"@graph\":[{\"@type\":\"WebPage\",\"@id\":\"https:\/\/armanixmarble.com\/ar\/producto\/mediterranean-special-resin-05-16-mm\/\",\"url\":\"https:\/\/armanixmarble.com\/ar\/producto\/mediterranean-special-resin-05-16-mm\/\",\"name\":\"Mediterranean Special Resin 0,5-1,6 mm - Armanix Marble Chips\",\"isPartOf\":{\"@id\":\"https:\/\/armanixmarble.com\/ar\/#website\"},\"primaryImageOfPage\":{\"@id\":\"https:\/\/armanixmarble.com\/ar\/producto\/mediterranean-special-resin-05-16-mm\/#primaryimage\"},\"image\":{\"@id\":\"https:\/\/armanixmarble.com\/ar\/producto\/mediterranean-special-resin-05-16-mm\/#primaryimage\"},\"thumbnailUrl\":\"https:\/\/armanixmarble.com\/wp-content\/uploads\/2025\/08\/MEDITERRANEAN-ARMMED0516-05-16mm.jpg\",\"datePublished\":\"2025-08-04T12:37:07+00:00\",\"dateModified\":\"2026-01-13T14:54:06+00:00\",\"breadcrumb\":{\"@id\":\"https:\/\/armanixmarble.com\/ar\/producto\/mediterranean-special-resin-05-16-mm\/#breadcrumb\"},\"inLanguage\":\"ar\",\"potentialAction\":[{\"@type\":\"ReadAction\",\"target\":[\"https:\/\/armanixmarble.com\/ar\/producto\/mediterranean-special-resin-05-16-mm\/\"]}]},{\"@type\":\"ImageObject\",\"inLanguage\":\"ar\",\"@id\":\"https:\/\/armanixmarble.com\/ar\/producto\/mediterranean-special-resin-05-16-mm\/#primaryimage\",\"url\":\"https:\/\/armanixmarble.com\/wp-content\/uploads\/2025\/08\/MEDITERRANEAN-ARMMED0516-05-16mm.jpg\",\"contentUrl\":\"https:\/\/armanixmarble.com\/wp-content\/uploads\/2025\/08\/MEDITERRANEAN-ARMMED0516-05-16mm.jpg\",\"width\":1800,\"height\":1200},{\"@type\":\"BreadcrumbList\",\"@id\":\"https:\/\/armanixmarble.com\/ar\/producto\/mediterranean-special-resin-05-16-mm\/#breadcrumb\",\"itemListElement\":[{\"@type\":\"ListItem\",\"position\":1,\"name\":\"Portada\",\"item\":\"https:\/\/armanixmarble.com\/ar\/\"},{\"@type\":\"ListItem\",\"position\":2,\"name\":\"\u0627\u0644\u0645\u062a\u062c\u0631\u0631\u0642\u0627\u0626\u0642 \u0627\u0644\u0631\u062e\u0627\u0645 | Armanix\",\"item\":\"https:\/\/armanixmarble.com\/ar\/%d8%b1%d9%82%d8%a7%d8%a6%d9%82-%d8%a7%d9%84%d8%b1%d8%ae%d8%a7%d9%85\/\"},{\"@type\":\"ListItem\",\"position\":3,\"name\":\"Mediterranean Special Resin 0,5-1,6 mm\"}]},{\"@type\":\"WebSite\",\"@id\":\"https:\/\/armanixmarble.com\/ar\/#website\",\"url\":\"https:\/\/armanixmarble.com\/ar\/\",\"name\":\"Armanix Marble Chips\",\"description\":\"Elaboraci\u00f3n y comercializaci\u00f3n de chips de m\u00e1rmol\",\"publisher\":{\"@id\":\"https:\/\/armanixmarble.com\/ar\/#organization\"},\"alternateName\":\"Armanix Marble Chips - Chips de M\u00e1rmol y \u00c1ridos Triturados\",\"potentialAction\":[{\"@type\":\"SearchAction\",\"target\":{\"@type\":\"EntryPoint\",\"urlTemplate\":\"https:\/\/armanixmarble.com\/ar\/?s={search_term_string}\"},\"query-input\":{\"@type\":\"PropertyValueSpecification\",\"valueRequired\":true,\"valueName\":\"search_term_string\"}}],\"inLanguage\":\"ar\"},{\"@type\":\"Organization\",\"@id\":\"https:\/\/armanixmarble.com\/ar\/#organization\",\"name\":\"Armanix Marble Chips\",\"url\":\"https:\/\/armanixmarble.com\/ar\/\",\"logo\":{\"@type\":\"ImageObject\",\"inLanguage\":\"ar\",\"@id\":\"https:\/\/armanixmarble.com\/ar\/#\/schema\/logo\/image\/\",\"url\":\"https:\/\/armanixmarble.com\/wp-content\/uploads\/2023\/12\/Armanix-aridos-marble-chips.png\",\"contentUrl\":\"https:\/\/armanixmarble.com\/wp-content\/uploads\/2023\/12\/Armanix-aridos-marble-chips.png\",\"width\":2000,\"height\":544,\"caption\":\"Armanix Marble Chips\"},\"image\":{\"@id\":\"https:\/\/armanixmarble.com\/ar\/#\/schema\/logo\/image\/\"},\"sameAs\":[\"https:\/\/www.instagram.com\/armanixmarblechips\/\",\"https:\/\/www.linkedin.com\/uas\/login?session_redirect=httpswww.linkedin.comcompanyarmanix-marble20chips-slpostsfeedViewall\",\"https:\/\/www.youtube.com\/@ArmanixMarbleChips\"]}]}<\/script>\n<!-- \/ Yoast SEO plugin. -->","yoast_head_json":{"title":"Mediterranean Special Resin 0,5-1,6 mm - Armanix Marble Chips","robots":{"index":"index","follow":"follow","max-snippet":"max-snippet:-1","max-image-preview":"max-image-preview:large","max-video-preview":"max-video-preview:-1"},"canonical":"https:\/\/armanixmarble.com\/ar\/producto\/mediterranean-special-resin-05-16-mm\/","og_locale":"ar_AR","og_type":"article","og_title":"Mediterranean Special Resin 0,5-1,6 mm - Armanix Marble Chips","og_description":"\u0631\u0642\u0627\u0626\u0642 Mediterranean Special Resin \u200f(0.5\u20131.6 \u0645\u0645)\u060c \u0645\u0635\u0645\u0645\u0629 \u0644\u0623\u0646\u0638\u0645\u0629 \u0633\u062a\u0648\u0646 \u0643\u0627\u0631\u0628\u062a \u0627\u0644\u062f\u0642\u064a\u0642\u0629\u060c \u0648\u062a\u0648\u0641\u0651\u0631 \u062a\u0634\u0637\u064a\u0628\u0627\u064b \u0646\u0627\u0639\u0645\u0627\u064b \u0648\u0645\u062a\u062c\u0627\u0646\u0633\u0627\u064b \u0648\u0645\u0634\u0631\u0642\u0627\u064b \u0645\u0646\u0627\u0633\u0628\u0627\u064b \u0644\u0644\u0645\u0633\u0627\u062d\u0627\u062a \u0627\u0644\u062f\u0627\u062e\u0644\u064a\u0629 \u0648\u0627\u0644\u0623\u0633\u0637\u062d \u0639\u0627\u0644\u064a\u0629 \u0627\u0644\u062f\u0642\u0629.","og_url":"https:\/\/armanixmarble.com\/ar\/producto\/mediterranean-special-resin-05-16-mm\/","og_site_name":"Armanix Marble Chips","article_modified_time":"2026-01-13T14:54:06+00:00","og_image":[{"width":1800,"height":1200,"url":"https:\/\/armanixmarble.com\/wp-content\/uploads\/2025\/08\/MEDITERRANEAN-ARMMED0516-05-16mm.jpg","type":"image\/jpeg"}],"twitter_card":"summary_large_image","twitter_misc":{"\u0648\u0642\u062a \u0627\u0644\u0642\u0631\u0627\u0621\u0629 \u0627\u0644\u0645\u064f\u0642\u062f\u0651\u0631":"1 \u062f\u0642\u064a\u0642\u0629"},"schema":{"@context":"https:\/\/schema.org","@graph":[{"@type":"WebPage","@id":"https:\/\/armanixmarble.com\/ar\/producto\/mediterranean-special-resin-05-16-mm\/","url":"https:\/\/armanixmarble.com\/ar\/producto\/mediterranean-special-resin-05-16-mm\/","name":"Mediterranean Special Resin 0,5-1,6 mm - Armanix Marble Chips","isPartOf":{"@id":"https:\/\/armanixmarble.com\/ar\/#website"},"primaryImageOfPage":{"@id":"https:\/\/armanixmarble.com\/ar\/producto\/mediterranean-special-resin-05-16-mm\/#primaryimage"},"image":{"@id":"https:\/\/armanixmarble.com\/ar\/producto\/mediterranean-special-resin-05-16-mm\/#primaryimage"},"thumbnailUrl":"https:\/\/armanixmarble.com\/wp-content\/uploads\/2025\/08\/MEDITERRANEAN-ARMMED0516-05-16mm.jpg","datePublished":"2025-08-04T12:37:07+00:00","dateModified":"2026-01-13T14:54:06+00:00","breadcrumb":{"@id":"https:\/\/armanixmarble.com\/ar\/producto\/mediterranean-special-resin-05-16-mm\/#breadcrumb"},"inLanguage":"ar","potentialAction":[{"@type":"ReadAction","target":["https:\/\/armanixmarble.com\/ar\/producto\/mediterranean-special-resin-05-16-mm\/"]}]},{"@type":"ImageObject","inLanguage":"ar","@id":"https:\/\/armanixmarble.com\/ar\/producto\/mediterranean-special-resin-05-16-mm\/#primaryimage","url":"https:\/\/armanixmarble.com\/wp-content\/uploads\/2025\/08\/MEDITERRANEAN-ARMMED0516-05-16mm.jpg","contentUrl":"https:\/\/armanixmarble.com\/wp-content\/uploads\/2025\/08\/MEDITERRANEAN-ARMMED0516-05-16mm.jpg","width":1800,"height":1200},{"@type":"BreadcrumbList","@id":"https:\/\/armanixmarble.com\/ar\/producto\/mediterranean-special-resin-05-16-mm\/#breadcrumb","itemListElement":[{"@type":"ListItem","position":1,"name":"Portada","item":"https:\/\/armanixmarble.com\/ar\/"},{"@type":"ListItem","position":2,"name":"\u0627\u0644\u0645\u062a\u062c\u0631\u0631\u0642\u0627\u0626\u0642 \u0627\u0644\u0631\u062e\u0627\u0645 | Armanix","item":"https:\/\/armanixmarble.com\/ar\/%d8%b1%d9%82%d8%a7%d8%a6%d9%82-%d8%a7%d9%84%d8%b1%d8%ae%d8%a7%d9%85\/"},{"@type":"ListItem","position":3,"name":"Mediterranean Special Resin 0,5-1,6 mm"}]},{"@type":"WebSite","@id":"https:\/\/armanixmarble.com\/ar\/#website","url":"https:\/\/armanixmarble.com\/ar\/","name":"Armanix Marble Chips","description":"Elaboraci\u00f3n y comercializaci\u00f3n de chips de m\u00e1rmol","publisher":{"@id":"https:\/\/armanixmarble.com\/ar\/#organization"},"alternateName":"Armanix Marble Chips - Chips de M\u00e1rmol y \u00c1ridos Triturados","potentialAction":[{"@type":"SearchAction","target":{"@type":"EntryPoint","urlTemplate":"https:\/\/armanixmarble.com\/ar\/?s={search_term_string}"},"query-input":{"@type":"PropertyValueSpecification","valueRequired":true,"valueName":"search_term_string"}}],"inLanguage":"ar"},{"@type":"Organization","@id":"https:\/\/armanixmarble.com\/ar\/#organization","name":"Armanix Marble Chips","url":"https:\/\/armanixmarble.com\/ar\/","logo":{"@type":"ImageObject","inLanguage":"ar","@id":"https:\/\/armanixmarble.com\/ar\/#\/schema\/logo\/image\/","url":"https:\/\/armanixmarble.com\/wp-content\/uploads\/2023\/12\/Armanix-aridos-marble-chips.png","contentUrl":"https:\/\/armanixmarble.com\/wp-content\/uploads\/2023\/12\/Armanix-aridos-marble-chips.png","width":2000,"height":544,"caption":"Armanix Marble Chips"},"image":{"@id":"https:\/\/armanixmarble.com\/ar\/#\/schema\/logo\/image\/"},"sameAs":["https:\/\/www.instagram.com\/armanixmarblechips\/","https:\/\/www.linkedin.com\/uas\/login?session_redirect=httpswww.linkedin.comcompanyarmanix-marble20chips-slpostsfeedViewall","https:\/\/www.youtube.com\/@ArmanixMarbleChips"]}]}},"_links":{"self":[{"href":"https:\/\/armanixmarble.com\/ar\/wp-json\/wp\/v2\/product\/3128","targetHints":{"allow":["GET"]}}],"collection":[{"href":"https:\/\/armanixmarble.com\/ar\/wp-json\/wp\/v2\/product"}],"about":[{"href":"https:\/\/armanixmarble.com\/ar\/wp-json\/wp\/v2\/types\/product"}],"version-history":[{"count":2,"href":"https:\/\/armanixmarble.com\/ar\/wp-json\/wp\/v2\/product\/3128\/revisions"}],"predecessor-version":[{"id":5076,"href":"https:\/\/armanixmarble.com\/ar\/wp-json\/wp\/v2\/product\/3128\/revisions\/5076"}],"wp:featuredmedia":[{"embeddable":true,"href":"https:\/\/armanixmarble.com\/ar\/wp-json\/wp\/v2\/media\/3129"}],"wp:attachment":[{"href":"https:\/\/armanixmarble.com\/ar\/wp-json\/wp\/v2\/media?parent=3128"}],"wp:term":[{"taxonomy":"product_brand","embeddable":true,"href":"https:\/\/armanixmarble.com\/ar\/wp-json\/wp\/v2\/product_brand?post=3128"},{"taxonomy":"product_cat","embeddable":true,"href":"https:\/\/armanixmarble.com\/ar\/wp-json\/wp\/v2\/product_cat?post=3128"},{"taxonomy":"product_tag","embeddable":true,"href":"https:\/\/armanixmarble.com\/ar\/wp-json\/wp\/v2\/product_tag?post=3128"}],"curies":[{"name":"wp","href":"https:\/\/api.w.org\/{rel}","templated":true}]}}