{"id":3044,"date":"2025-08-04T14:37:04","date_gmt":"2025-08-04T12:37:04","guid":{"rendered":"https:\/\/armanixmarble.com\/producto\/pink-valencia-1-25-mm\/"},"modified":"2025-12-30T13:57:06","modified_gmt":"2025-12-30T12:57:06","slug":"pink-valencia-1-25-mm","status":"publish","type":"product","link":"https:\/\/armanixmarble.com\/ar\/producto\/pink-valencia-1-25-mm\/","title":{"rendered":"Pink Valencia 1-2,5 mm"},"content":{"rendered":"<div class=\"ewa-rteLine\">\n<p>\u0643\u0650\u0633\u0631 \u0631\u0648\u0632\u0627 \u0641\u0627\u0644\u0646\u0633\u064a\u0627\u060c \u0627\u0644\u0645\u0635\u0646\u0648\u0639\u0629 \u0645\u0646 \u0627\u0644\u062d\u062c\u0631 \u0627\u0644\u062c\u064a\u0631\u064a \u0627\u0644\u0645\u062d\u0645\u0631 \u0639\u0627\u0644\u064a \u0627\u0644\u062c\u0648\u062f\u0629\u060c \u0628\u0623\u062d\u062c\u0627\u0645 \u062a\u062a\u0631\u0627\u0648\u062d \u0645\u0646 1 \u0625\u0644\u0649 2,5 \u0645\u0645\u060c \u0645\u062b\u0627\u0644\u064a\u0629 \u0644\u062a\u0637\u0628\u064a\u0642\u0627\u062a \u0627\u0644\u062a\u064a\u0631\u0627\u0632\u0648. \u062a\u0631\u0643\u064a\u0628\u062a\u0647\u0627 \u0627\u0644\u0641\u0631\u064a\u062f\u0629 \u0648\u0623\u0644\u0648\u0627\u0646\u0647\u0627 \u0627\u0644\u0632\u0627\u0647\u064a\u0629 \u062a\u064f\u0636\u0641\u064a \u0645\u0638\u0647\u0631\u0627\u064b \u0628\u0627\u0631\u0632\u0627\u064b \u0648\u0623\u0646\u064a\u0642\u0627\u064b\u060c \u062a\u062c\u0645\u0639 \u0628\u064a\u0646 \u0627\u0644\u062c\u0627\u0630\u0628\u064a\u0629 \u0627\u0644\u062c\u0645\u0627\u0644\u064a\u0629 \u0648\u0627\u0644\u0645\u062a\u0627\u0646\u0629 \u0627\u0644\u0627\u0633\u062a\u062b\u0646\u0627\u0626\u064a\u0629.<\/p>\n<p>\u0645\u062a\u0648\u0641\u0631\u0629 \u0641\u064a \u0623\u0643\u064a\u0627\u0633 \u0643\u0628\u064a\u0631\u0629 \u0628\u0648\u0632\u0646 1300 \u0643\u062c\u0645.<\/p>\n<\/div>\n","protected":false},"excerpt":{"rendered":"<p>\u0631\u0642\u0627\u0626\u0642 \u062d\u062c\u0631 \u0627\u0644\u0643\u0644\u0633 \u0631\u0648\u0632\u0627 \u0641\u0627\u0644\u064a\u0646\u0633\u064a\u0627 (1\u20132.5 \u0645\u0645)\u060c \u0645\u062b\u0627\u0644\u064a\u0629 \u0644\u0644\u062a\u064a\u0631\u0627\u0632\u0648\u060c \u0628\u0638\u0644\u0627\u0644\u0647\u0627 \u0627\u0644\u062d\u064a\u0648\u064a\u0629 \u0648\u0645\u062a\u0627\u0646\u062a\u0647\u0627 \u0648\u062a\u0634\u0637\u064a\u0628\u0647\u0627 \u0627\u0644\u062c\u0631\u064a\u0621 \u0648\u0627\u0644\u0623\u0646\u064a\u0642.<\/p>\n","protected":false},"featured_media":3045,"template":"","meta":{"_acf_changed":false},"product_brand":[],"product_cat":[60],"product_tag":[],"class_list":{"0":"post-3044","1":"product","2":"type-product","3":"status-publish","4":"has-post-thumbnail","6":"product_cat-60","8":"first","9":"instock","10":"shipping-taxable","11":"product-type-simple"},"acf":[],"yoast_head":"<!-- This site is optimized with the Yoast SEO plugin v27.0 - https:\/\/yoast.com\/product\/yoast-seo-wordpress\/ -->\n<title>Pink Valencia 1-2,5 mm - Armanix Marble Chips<\/title>\n<meta name=\"robots\" content=\"index, follow, max-snippet:-1, max-image-preview:large, max-video-preview:-1\" \/>\n<link rel=\"canonical\" href=\"https:\/\/armanixmarble.com\/ar\/producto\/pink-valencia-1-25-mm\/\" \/>\n<meta property=\"og:locale\" content=\"ar_AR\" \/>\n<meta property=\"og:type\" content=\"article\" \/>\n<meta property=\"og:title\" content=\"Pink Valencia 1-2,5 mm - Armanix Marble Chips\" \/>\n<meta property=\"og:description\" content=\"\u0631\u0642\u0627\u0626\u0642 \u062d\u062c\u0631 \u0627\u0644\u0643\u0644\u0633 \u0631\u0648\u0632\u0627 \u0641\u0627\u0644\u064a\u0646\u0633\u064a\u0627 (1\u20132.5 \u0645\u0645)\u060c \u0645\u062b\u0627\u0644\u064a\u0629 \u0644\u0644\u062a\u064a\u0631\u0627\u0632\u0648\u060c \u0628\u0638\u0644\u0627\u0644\u0647\u0627 \u0627\u0644\u062d\u064a\u0648\u064a\u0629 \u0648\u0645\u062a\u0627\u0646\u062a\u0647\u0627 \u0648\u062a\u0634\u0637\u064a\u0628\u0647\u0627 \u0627\u0644\u062c\u0631\u064a\u0621 \u0648\u0627\u0644\u0623\u0646\u064a\u0642.\" \/>\n<meta property=\"og:url\" content=\"https:\/\/armanixmarble.com\/ar\/producto\/pink-valencia-1-25-mm\/\" \/>\n<meta property=\"og:site_name\" content=\"Armanix Marble Chips\" \/>\n<meta property=\"article:modified_time\" content=\"2025-12-30T12:57:06+00:00\" \/>\n<meta property=\"og:image\" content=\"https:\/\/armanixmarble.com\/wp-content\/uploads\/2025\/08\/PINK-VALENCIA-ARMPINK125-1-25mm.jpg\" \/>\n\t<meta property=\"og:image:width\" content=\"1800\" \/>\n\t<meta property=\"og:image:height\" content=\"1200\" \/>\n\t<meta property=\"og:image:type\" content=\"image\/jpeg\" \/>\n<meta name=\"twitter:card\" content=\"summary_large_image\" \/>\n<meta name=\"twitter:label1\" content=\"\u0648\u0642\u062a \u0627\u0644\u0642\u0631\u0627\u0621\u0629 \u0627\u0644\u0645\u064f\u0642\u062f\u0651\u0631\" \/>\n\t<meta name=\"twitter:data1\" content=\"1 \u062f\u0642\u064a\u0642\u0629\" \/>\n<script type=\"application\/ld+json\" class=\"yoast-schema-graph\">{\"@context\":\"https:\/\/schema.org\",\"@graph\":[{\"@type\":\"WebPage\",\"@id\":\"https:\/\/armanixmarble.com\/ar\/producto\/pink-valencia-1-25-mm\/\",\"url\":\"https:\/\/armanixmarble.com\/ar\/producto\/pink-valencia-1-25-mm\/\",\"name\":\"Pink Valencia 1-2,5 mm - Armanix Marble Chips\",\"isPartOf\":{\"@id\":\"https:\/\/armanixmarble.com\/ar\/#website\"},\"primaryImageOfPage\":{\"@id\":\"https:\/\/armanixmarble.com\/ar\/producto\/pink-valencia-1-25-mm\/#primaryimage\"},\"image\":{\"@id\":\"https:\/\/armanixmarble.com\/ar\/producto\/pink-valencia-1-25-mm\/#primaryimage\"},\"thumbnailUrl\":\"https:\/\/armanixmarble.com\/wp-content\/uploads\/2025\/08\/PINK-VALENCIA-ARMPINK125-1-25mm.jpg\",\"datePublished\":\"2025-08-04T12:37:04+00:00\",\"dateModified\":\"2025-12-30T12:57:06+00:00\",\"breadcrumb\":{\"@id\":\"https:\/\/armanixmarble.com\/ar\/producto\/pink-valencia-1-25-mm\/#breadcrumb\"},\"inLanguage\":\"ar\",\"potentialAction\":[{\"@type\":\"ReadAction\",\"target\":[\"https:\/\/armanixmarble.com\/ar\/producto\/pink-valencia-1-25-mm\/\"]}]},{\"@type\":\"ImageObject\",\"inLanguage\":\"ar\",\"@id\":\"https:\/\/armanixmarble.com\/ar\/producto\/pink-valencia-1-25-mm\/#primaryimage\",\"url\":\"https:\/\/armanixmarble.com\/wp-content\/uploads\/2025\/08\/PINK-VALENCIA-ARMPINK125-1-25mm.jpg\",\"contentUrl\":\"https:\/\/armanixmarble.com\/wp-content\/uploads\/2025\/08\/PINK-VALENCIA-ARMPINK125-1-25mm.jpg\",\"width\":1800,\"height\":1200},{\"@type\":\"BreadcrumbList\",\"@id\":\"https:\/\/armanixmarble.com\/ar\/producto\/pink-valencia-1-25-mm\/#breadcrumb\",\"itemListElement\":[{\"@type\":\"ListItem\",\"position\":1,\"name\":\"Portada\",\"item\":\"https:\/\/armanixmarble.com\/ar\/\"},{\"@type\":\"ListItem\",\"position\":2,\"name\":\"\u0627\u0644\u0645\u062a\u062c\u0631\u0631\u0642\u0627\u0626\u0642 \u0627\u0644\u0631\u062e\u0627\u0645 | Armanix\",\"item\":\"https:\/\/armanixmarble.com\/ar\/%d8%b1%d9%82%d8%a7%d8%a6%d9%82-%d8%a7%d9%84%d8%b1%d8%ae%d8%a7%d9%85\/\"},{\"@type\":\"ListItem\",\"position\":3,\"name\":\"Pink Valencia 1-2,5 mm\"}]},{\"@type\":\"WebSite\",\"@id\":\"https:\/\/armanixmarble.com\/ar\/#website\",\"url\":\"https:\/\/armanixmarble.com\/ar\/\",\"name\":\"Armanix Marble Chips\",\"description\":\"Elaboraci\u00f3n y comercializaci\u00f3n de chips de m\u00e1rmol\",\"publisher\":{\"@id\":\"https:\/\/armanixmarble.com\/ar\/#organization\"},\"alternateName\":\"Armanix Marble Chips - Chips de M\u00e1rmol y \u00c1ridos Triturados\",\"potentialAction\":[{\"@type\":\"SearchAction\",\"target\":{\"@type\":\"EntryPoint\",\"urlTemplate\":\"https:\/\/armanixmarble.com\/ar\/?s={search_term_string}\"},\"query-input\":{\"@type\":\"PropertyValueSpecification\",\"valueRequired\":true,\"valueName\":\"search_term_string\"}}],\"inLanguage\":\"ar\"},{\"@type\":\"Organization\",\"@id\":\"https:\/\/armanixmarble.com\/ar\/#organization\",\"name\":\"Armanix Marble Chips\",\"url\":\"https:\/\/armanixmarble.com\/ar\/\",\"logo\":{\"@type\":\"ImageObject\",\"inLanguage\":\"ar\",\"@id\":\"https:\/\/armanixmarble.com\/ar\/#\/schema\/logo\/image\/\",\"url\":\"https:\/\/armanixmarble.com\/wp-content\/uploads\/2023\/12\/Armanix-aridos-marble-chips.png\",\"contentUrl\":\"https:\/\/armanixmarble.com\/wp-content\/uploads\/2023\/12\/Armanix-aridos-marble-chips.png\",\"width\":2000,\"height\":544,\"caption\":\"Armanix Marble Chips\"},\"image\":{\"@id\":\"https:\/\/armanixmarble.com\/ar\/#\/schema\/logo\/image\/\"},\"sameAs\":[\"https:\/\/www.instagram.com\/armanixmarblechips\/\",\"https:\/\/www.linkedin.com\/uas\/login?session_redirect=httpswww.linkedin.comcompanyarmanix-marble20chips-slpostsfeedViewall\",\"https:\/\/www.youtube.com\/@ArmanixMarbleChips\"]}]}<\/script>\n<!-- \/ Yoast SEO plugin. -->","yoast_head_json":{"title":"Pink Valencia 1-2,5 mm - Armanix Marble Chips","robots":{"index":"index","follow":"follow","max-snippet":"max-snippet:-1","max-image-preview":"max-image-preview:large","max-video-preview":"max-video-preview:-1"},"canonical":"https:\/\/armanixmarble.com\/ar\/producto\/pink-valencia-1-25-mm\/","og_locale":"ar_AR","og_type":"article","og_title":"Pink Valencia 1-2,5 mm - Armanix Marble Chips","og_description":"\u0631\u0642\u0627\u0626\u0642 \u062d\u062c\u0631 \u0627\u0644\u0643\u0644\u0633 \u0631\u0648\u0632\u0627 \u0641\u0627\u0644\u064a\u0646\u0633\u064a\u0627 (1\u20132.5 \u0645\u0645)\u060c \u0645\u062b\u0627\u0644\u064a\u0629 \u0644\u0644\u062a\u064a\u0631\u0627\u0632\u0648\u060c \u0628\u0638\u0644\u0627\u0644\u0647\u0627 \u0627\u0644\u062d\u064a\u0648\u064a\u0629 \u0648\u0645\u062a\u0627\u0646\u062a\u0647\u0627 \u0648\u062a\u0634\u0637\u064a\u0628\u0647\u0627 \u0627\u0644\u062c\u0631\u064a\u0621 \u0648\u0627\u0644\u0623\u0646\u064a\u0642.","og_url":"https:\/\/armanixmarble.com\/ar\/producto\/pink-valencia-1-25-mm\/","og_site_name":"Armanix Marble Chips","article_modified_time":"2025-12-30T12:57:06+00:00","og_image":[{"width":1800,"height":1200,"url":"https:\/\/armanixmarble.com\/wp-content\/uploads\/2025\/08\/PINK-VALENCIA-ARMPINK125-1-25mm.jpg","type":"image\/jpeg"}],"twitter_card":"summary_large_image","twitter_misc":{"\u0648\u0642\u062a \u0627\u0644\u0642\u0631\u0627\u0621\u0629 \u0627\u0644\u0645\u064f\u0642\u062f\u0651\u0631":"1 \u062f\u0642\u064a\u0642\u0629"},"schema":{"@context":"https:\/\/schema.org","@graph":[{"@type":"WebPage","@id":"https:\/\/armanixmarble.com\/ar\/producto\/pink-valencia-1-25-mm\/","url":"https:\/\/armanixmarble.com\/ar\/producto\/pink-valencia-1-25-mm\/","name":"Pink Valencia 1-2,5 mm - Armanix Marble Chips","isPartOf":{"@id":"https:\/\/armanixmarble.com\/ar\/#website"},"primaryImageOfPage":{"@id":"https:\/\/armanixmarble.com\/ar\/producto\/pink-valencia-1-25-mm\/#primaryimage"},"image":{"@id":"https:\/\/armanixmarble.com\/ar\/producto\/pink-valencia-1-25-mm\/#primaryimage"},"thumbnailUrl":"https:\/\/armanixmarble.com\/wp-content\/uploads\/2025\/08\/PINK-VALENCIA-ARMPINK125-1-25mm.jpg","datePublished":"2025-08-04T12:37:04+00:00","dateModified":"2025-12-30T12:57:06+00:00","breadcrumb":{"@id":"https:\/\/armanixmarble.com\/ar\/producto\/pink-valencia-1-25-mm\/#breadcrumb"},"inLanguage":"ar","potentialAction":[{"@type":"ReadAction","target":["https:\/\/armanixmarble.com\/ar\/producto\/pink-valencia-1-25-mm\/"]}]},{"@type":"ImageObject","inLanguage":"ar","@id":"https:\/\/armanixmarble.com\/ar\/producto\/pink-valencia-1-25-mm\/#primaryimage","url":"https:\/\/armanixmarble.com\/wp-content\/uploads\/2025\/08\/PINK-VALENCIA-ARMPINK125-1-25mm.jpg","contentUrl":"https:\/\/armanixmarble.com\/wp-content\/uploads\/2025\/08\/PINK-VALENCIA-ARMPINK125-1-25mm.jpg","width":1800,"height":1200},{"@type":"BreadcrumbList","@id":"https:\/\/armanixmarble.com\/ar\/producto\/pink-valencia-1-25-mm\/#breadcrumb","itemListElement":[{"@type":"ListItem","position":1,"name":"Portada","item":"https:\/\/armanixmarble.com\/ar\/"},{"@type":"ListItem","position":2,"name":"\u0627\u0644\u0645\u062a\u062c\u0631\u0631\u0642\u0627\u0626\u0642 \u0627\u0644\u0631\u062e\u0627\u0645 | Armanix","item":"https:\/\/armanixmarble.com\/ar\/%d8%b1%d9%82%d8%a7%d8%a6%d9%82-%d8%a7%d9%84%d8%b1%d8%ae%d8%a7%d9%85\/"},{"@type":"ListItem","position":3,"name":"Pink Valencia 1-2,5 mm"}]},{"@type":"WebSite","@id":"https:\/\/armanixmarble.com\/ar\/#website","url":"https:\/\/armanixmarble.com\/ar\/","name":"Armanix Marble Chips","description":"Elaboraci\u00f3n y comercializaci\u00f3n de chips de m\u00e1rmol","publisher":{"@id":"https:\/\/armanixmarble.com\/ar\/#organization"},"alternateName":"Armanix Marble Chips - Chips de M\u00e1rmol y \u00c1ridos Triturados","potentialAction":[{"@type":"SearchAction","target":{"@type":"EntryPoint","urlTemplate":"https:\/\/armanixmarble.com\/ar\/?s={search_term_string}"},"query-input":{"@type":"PropertyValueSpecification","valueRequired":true,"valueName":"search_term_string"}}],"inLanguage":"ar"},{"@type":"Organization","@id":"https:\/\/armanixmarble.com\/ar\/#organization","name":"Armanix Marble Chips","url":"https:\/\/armanixmarble.com\/ar\/","logo":{"@type":"ImageObject","inLanguage":"ar","@id":"https:\/\/armanixmarble.com\/ar\/#\/schema\/logo\/image\/","url":"https:\/\/armanixmarble.com\/wp-content\/uploads\/2023\/12\/Armanix-aridos-marble-chips.png","contentUrl":"https:\/\/armanixmarble.com\/wp-content\/uploads\/2023\/12\/Armanix-aridos-marble-chips.png","width":2000,"height":544,"caption":"Armanix Marble Chips"},"image":{"@id":"https:\/\/armanixmarble.com\/ar\/#\/schema\/logo\/image\/"},"sameAs":["https:\/\/www.instagram.com\/armanixmarblechips\/","https:\/\/www.linkedin.com\/uas\/login?session_redirect=httpswww.linkedin.comcompanyarmanix-marble20chips-slpostsfeedViewall","https:\/\/www.youtube.com\/@ArmanixMarbleChips"]}]}},"_links":{"self":[{"href":"https:\/\/armanixmarble.com\/ar\/wp-json\/wp\/v2\/product\/3044","targetHints":{"allow":["GET"]}}],"collection":[{"href":"https:\/\/armanixmarble.com\/ar\/wp-json\/wp\/v2\/product"}],"about":[{"href":"https:\/\/armanixmarble.com\/ar\/wp-json\/wp\/v2\/types\/product"}],"version-history":[{"count":1,"href":"https:\/\/armanixmarble.com\/ar\/wp-json\/wp\/v2\/product\/3044\/revisions"}],"predecessor-version":[{"id":4581,"href":"https:\/\/armanixmarble.com\/ar\/wp-json\/wp\/v2\/product\/3044\/revisions\/4581"}],"wp:featuredmedia":[{"embeddable":true,"href":"https:\/\/armanixmarble.com\/ar\/wp-json\/wp\/v2\/media\/3045"}],"wp:attachment":[{"href":"https:\/\/armanixmarble.com\/ar\/wp-json\/wp\/v2\/media?parent=3044"}],"wp:term":[{"taxonomy":"product_brand","embeddable":true,"href":"https:\/\/armanixmarble.com\/ar\/wp-json\/wp\/v2\/product_brand?post=3044"},{"taxonomy":"product_cat","embeddable":true,"href":"https:\/\/armanixmarble.com\/ar\/wp-json\/wp\/v2\/product_cat?post=3044"},{"taxonomy":"product_tag","embeddable":true,"href":"https:\/\/armanixmarble.com\/ar\/wp-json\/wp\/v2\/product_tag?post=3044"}],"curies":[{"name":"wp","href":"https:\/\/api.w.org\/{rel}","templated":true}]}}